{"id":353,"date":"2022-08-28T20:07:57","date_gmt":"2022-08-28T18:07:57","guid":{"rendered":"https:\/\/www.mr-jaehne.de\/?page_id=353"},"modified":"2022-09-11T20:01:49","modified_gmt":"2022-09-11T18:01:49","slug":"geschaeftsaufgabe","status":"publish","type":"page","link":"https:\/\/www.mr-jaehne.de\/","title":{"rendered":"Gesch\u00e4ftsaufgabe"},"content":{"rendered":"<p>Liebe Vogelz\u00fcchterinnen und Vogelz\u00fcchter,<br \/>\nsehr geehrte Kundinnen und Kunden!<\/p>\n<p>Wir haben unsere gesch\u00e4ftlichen Aktivit\u00e4ten im August 2022 eingestellt.<br \/>\nWir haben uns schweren Herzens zu diesem Schritt entschlossen, haben wir doch versucht die Firma &#8211; auch im Gedenken an Walter J\u00e4hne &#8211; aufrecht zu erhalten.<\/p>\n<p>Selbstverst\u00e4ndlich ber\u00fchrt die Gesch\u00e4ftsaufgabe etwaige Gew\u00e4hrleistungsanspr\u00fcche unserer Kunden nicht. Sie k\u00f6nnen sich ferner auch bis auf Weiteres mit Supportanfragen an uns wenden, wir unterst\u00fctzen Sie auch weiterhin mit unserem Knowhow.<\/p>\n<p>Wir bedanken uns herzlich bei unseren Kundinnen und Kunden f\u00fcr die langj\u00e4hrige Treue, die netten Kontakte und das uns entgegengebrachte Vertrauen.<\/p>\n<p>Ihre MR J\u00e4hne GmbH i.L.<\/p>\n","protected":false},"excerpt":{"rendered":"<p>Liebe Vogelz\u00fcchterinnen und Vogelz\u00fcchter, sehr geehrte Kundinnen und Kunden! Wir haben unsere gesch\u00e4ftlichen Aktivit\u00e4ten im August 2022 eingestellt. Wir haben uns schweren [&hellip;]<\/p>\n","protected":false},"author":1,"featured_media":0,"parent":0,"menu_order":0,"comment_status":"closed","ping_status":"closed","template":"","meta":{"ngg_post_thumbnail":0,"footnotes":""},"class_list":["post-353","page","type-page","status-publish","hentry"],"_links":{"self":[{"href":"https:\/\/www.mr-jaehne.de\/index.php?rest_route=\/wp\/v2\/pages\/353","targetHints":{"allow":["GET"]}}],"collection":[{"href":"https:\/\/www.mr-jaehne.de\/index.php?rest_route=\/wp\/v2\/pages"}],"about":[{"href":"https:\/\/www.mr-jaehne.de\/index.php?rest_route=\/wp\/v2\/types\/page"}],"author":[{"embeddable":true,"href":"https:\/\/www.mr-jaehne.de\/index.php?rest_route=\/wp\/v2\/users\/1"}],"replies":[{"embeddable":true,"href":"https:\/\/www.mr-jaehne.de\/index.php?rest_route=%2Fwp%2Fv2%2Fcomments&post=353"}],"version-history":[{"count":2,"href":"https:\/\/www.mr-jaehne.de\/index.php?rest_route=\/wp\/v2\/pages\/353\/revisions"}],"predecessor-version":[{"id":355,"href":"https:\/\/www.mr-jaehne.de\/index.php?rest_route=\/wp\/v2\/pages\/353\/revisions\/355"}],"wp:attachment":[{"href":"https:\/\/www.mr-jaehne.de\/index.php?rest_route=%2Fwp%2Fv2%2Fmedia&parent=353"}],"curies":[{"name":"wp","href":"https:\/\/api.w.org\/{rel}","templated":true}]}}